{"id":12,"date":"2021-09-24T09:22:48","date_gmt":"2021-09-24T09:22:48","guid":{"rendered":"https:\/\/polartrade.pt\/?page_id=12"},"modified":"2021-10-08T15:51:10","modified_gmt":"2021-10-08T15:51:10","slug":"servicos","status":"publish","type":"page","link":"https:\/\/polartrade.pt\/es\/servicos\/","title":{"rendered":"Servicios"},"content":{"rendered":"<div data-elementor-type=\"wp-page\" data-elementor-id=\"12\" class=\"elementor elementor-12\" data-elementor-settings=\"[]\">\n\t\t\t\t\t\t\t<div class=\"elementor-section-wrap\">\n\t\t\t\t\t\t\t<section class=\"elementor-section elementor-top-section elementor-element elementor-element-314383a0 elementor-section-full_width elementor-section-height-min-height elementor-section-items-stretch elementor-section-height-default\" data-id=\"314383a0\" data-element_type=\"section\" data-settings=\"{&quot;background_background&quot;:&quot;classic&quot;}\">\n\t\t\t\t\t\t<div class=\"elementor-container elementor-column-gap-default\">\n\t\t\t\t\t<div class=\"elementor-column elementor-col-100 elementor-top-column elementor-element elementor-element-6bea485c\" data-id=\"6bea485c\" data-element_type=\"column\">\n\t\t\t<div class=\"elementor-widget-wrap elementor-element-populated\">\n\t\t\t\t\t\t\t\t<div class=\"elementor-element elementor-element-2f522ead elementor-widget elementor-widget-heading\" data-id=\"2f522ead\" data-element_type=\"widget\" data-widget_type=\"heading.default\">\n\t\t\t\t<div class=\"elementor-widget-container\">\n\t\t\t<h2 class=\"elementor-heading-title elementor-size-default\">Servicios<\/h2>\t\t<\/div>\n\t\t\t\t<\/div>\n\t\t\t\t\t<\/div>\n\t\t<\/div>\n\t\t\t\t\t\t\t<\/div>\n\t\t<\/section>\n\t\t\t\t<section class=\"elementor-section elementor-top-section elementor-element elementor-element-727da14d elementor-section-full_width elementor-section-height-min-height elementor-section-items-stretch elementor-reverse-tablet elementor-reverse-mobile elementor-section-height-default\" data-id=\"727da14d\" data-element_type=\"section\" id=\"form\">\n\t\t\t\t\t\t<div class=\"elementor-container elementor-column-gap-default\">\n\t\t\t\t\t<div class=\"elementor-column elementor-col-50 elementor-top-column elementor-element elementor-element-172b2786\" data-id=\"172b2786\" data-element_type=\"column\" data-settings=\"{&quot;background_background&quot;:&quot;classic&quot;}\">\n\t\t\t<div class=\"elementor-widget-wrap elementor-element-populated\">\n\t\t\t\t\t\t\t\t<div class=\"elementor-element elementor-element-1ad9e3c2 elementor-widget elementor-widget-spacer\" data-id=\"1ad9e3c2\" data-element_type=\"widget\" data-widget_type=\"spacer.default\">\n\t\t\t\t<div class=\"elementor-widget-container\">\n\t\t\t\t\t<div class=\"elementor-spacer\">\n\t\t\t<div class=\"elementor-spacer-inner\"><\/div>\n\t\t<\/div>\n\t\t\t\t<\/div>\n\t\t\t\t<\/div>\n\t\t\t\t\t<\/div>\n\t\t<\/div>\n\t\t\t\t<div class=\"elementor-column elementor-col-50 elementor-top-column elementor-element elementor-element-1101691b\" data-id=\"1101691b\" data-element_type=\"column\">\n\t\t\t<div class=\"elementor-widget-wrap elementor-element-populated\">\n\t\t\t\t\t\t\t\t<div class=\"elementor-element elementor-element-480e9001 elementor-widget elementor-widget-heading\" data-id=\"480e9001\" data-element_type=\"widget\" data-widget_type=\"heading.default\">\n\t\t\t\t<div class=\"elementor-widget-container\">\n\t\t\t<h3 class=\"elementor-heading-title elementor-size-default\">Productos y Componentes<\/h3>\t\t<\/div>\n\t\t\t\t<\/div>\n\t\t\t\t<div class=\"elementor-element elementor-element-426f3a0 elementor-widget elementor-widget-text-editor\" data-id=\"426f3a0\" data-element_type=\"widget\" data-widget_type=\"text-editor.default\">\n\t\t\t\t<div class=\"elementor-widget-container\">\n\t\t\t\t\t\t\t<p><span class=\"TextRun SCXW139451082 BCX0\" lang=\"PT-PT\" xml:lang=\"PT-PT\" data-contrast=\"auto\"><span class=\"NormalTextRun SCXW139451082 BCX0\">Tenemos una amplia gama de productos y componentes:<\/span><\/span><span class=\"LineBreakBlob BlobObject DragDrop SCXW139451082 BCX0\"><span class=\"SCXW139451082 BCX0\">\u00a0<\/span><br class=\"SCXW139451082 BCX0\" \/><\/span><span class=\"TextRun SCXW139451082 BCX0\" lang=\"PT-PT\" xml:lang=\"PT-PT\" data-contrast=\"auto\"><span class=\"NormalTextRun SCXW139451082 BCX0\">Productos alimenticios, material el\u00e9ctrico, automatizaci\u00f3n e instrumentaci\u00f3n industrial, bombas y accesorios, material mec\u00e1nico, tuber\u00edas y accesorios, v\u00e1lvulas de todo tipo, equipos para tratamiento de aceite y diesel.<\/span><\/span><\/p>\t\t\t\t\t\t<\/div>\n\t\t\t\t<\/div>\n\t\t\t\t\t<\/div>\n\t\t<\/div>\n\t\t\t\t\t\t\t<\/div>\n\t\t<\/section>\n\t\t\t\t<section class=\"elementor-section elementor-top-section elementor-element elementor-element-e7d9656 elementor-section-full_width elementor-section-height-min-height elementor-section-items-stretch elementor-section-height-default\" data-id=\"e7d9656\" data-element_type=\"section\">\n\t\t\t\t\t\t<div class=\"elementor-container elementor-column-gap-default\">\n\t\t\t\t\t<div class=\"elementor-column elementor-col-50 elementor-top-column elementor-element elementor-element-a89b664\" data-id=\"a89b664\" data-element_type=\"column\">\n\t\t\t<div class=\"elementor-widget-wrap elementor-element-populated\">\n\t\t\t\t\t\t\t\t<div class=\"elementor-element elementor-element-a0ea7fb elementor-widget elementor-widget-heading\" data-id=\"a0ea7fb\" data-element_type=\"widget\" data-widget_type=\"heading.default\">\n\t\t\t\t<div class=\"elementor-widget-container\">\n\t\t\t<h3 class=\"elementor-heading-title elementor-size-default translation-block\">Actividades de Negocio<\/h3>\t\t<\/div>\n\t\t\t\t<\/div>\n\t\t\t\t<div class=\"elementor-element elementor-element-72ed4cf elementor-widget elementor-widget-text-editor\" data-id=\"72ed4cf\" data-element_type=\"widget\" data-widget_type=\"text-editor.default\">\n\t\t\t\t<div class=\"elementor-widget-container\">\n\t\t\t\t\t\t\t<p><span class=\"LineBreakBlob BlobObject DragDrop BCX0 SCXW67731534\">Una s\u00f3lida reputaci\u00f3n de confianza y competencia cooperativa con nuestros asociados, con una clara visi\u00f3n estrat\u00e9gica, enfocada en la busca permanente de las necesidades de nuestros clientes y en la procura de un excelente servicio de soporte.<\/span><\/p><p class=\" translation-block\">Nuestra forma directa de cooperaci\u00f3n con diversas industrias manufactureras y asociados internacionales, combinada con la experiencia de mercado de nuestro personal comercial y la infraestructura adecuadamente orientada, contribuyen a minimizar los costos operativos y aliviar sus actividades de compra actuales.<\/p>\t\t\t\t\t\t<\/div>\n\t\t\t\t<\/div>\n\t\t\t\t\t<\/div>\n\t\t<\/div>\n\t\t\t\t<div class=\"elementor-column elementor-col-50 elementor-top-column elementor-element elementor-element-5bf9615\" data-id=\"5bf9615\" data-element_type=\"column\" data-settings=\"{&quot;background_background&quot;:&quot;classic&quot;}\">\n\t\t\t<div class=\"elementor-widget-wrap elementor-element-populated\">\n\t\t\t\t\t\t\t\t<div class=\"elementor-element elementor-element-d0e932d elementor-widget elementor-widget-spacer\" data-id=\"d0e932d\" data-element_type=\"widget\" data-widget_type=\"spacer.default\">\n\t\t\t\t<div class=\"elementor-widget-container\">\n\t\t\t\t\t<div class=\"elementor-spacer\">\n\t\t\t<div class=\"elementor-spacer-inner\"><\/div>\n\t\t<\/div>\n\t\t\t\t<\/div>\n\t\t\t\t<\/div>\n\t\t\t\t\t<\/div>\n\t\t<\/div>\n\t\t\t\t\t\t\t<\/div>\n\t\t<\/section>\n\t\t\t\t<section class=\"elementor-section elementor-top-section elementor-element elementor-element-3faa3a9 elementor-section-full_width elementor-section-height-min-height elementor-section-items-stretch elementor-reverse-tablet elementor-reverse-mobile elementor-section-height-default\" data-id=\"3faa3a9\" data-element_type=\"section\">\n\t\t\t\t\t\t<div class=\"elementor-container elementor-column-gap-default\">\n\t\t\t\t\t<div class=\"elementor-column elementor-col-50 elementor-top-column elementor-element elementor-element-a28d179\" data-id=\"a28d179\" data-element_type=\"column\" data-settings=\"{&quot;background_background&quot;:&quot;classic&quot;}\">\n\t\t\t<div class=\"elementor-widget-wrap elementor-element-populated\">\n\t\t\t\t\t\t\t\t<div class=\"elementor-element elementor-element-d20434c elementor-widget elementor-widget-spacer\" data-id=\"d20434c\" data-element_type=\"widget\" data-widget_type=\"spacer.default\">\n\t\t\t\t<div class=\"elementor-widget-container\">\n\t\t\t\t\t<div class=\"elementor-spacer\">\n\t\t\t<div class=\"elementor-spacer-inner\"><\/div>\n\t\t<\/div>\n\t\t\t\t<\/div>\n\t\t\t\t<\/div>\n\t\t\t\t\t<\/div>\n\t\t<\/div>\n\t\t\t\t<div class=\"elementor-column elementor-col-50 elementor-top-column elementor-element elementor-element-88d1cf0\" data-id=\"88d1cf0\" data-element_type=\"column\">\n\t\t\t<div class=\"elementor-widget-wrap elementor-element-populated\">\n\t\t\t\t\t\t\t\t<div class=\"elementor-element elementor-element-7b7a859 elementor-widget elementor-widget-heading\" data-id=\"7b7a859\" data-element_type=\"widget\" data-widget_type=\"heading.default\">\n\t\t\t\t<div class=\"elementor-widget-container\">\n\t\t\t<h3 class=\"elementor-heading-title elementor-size-default translation-block\">Fornecimentos <br>Industriais<\/h3>\t\t<\/div>\n\t\t\t\t<\/div>\n\t\t\t\t<div class=\"elementor-element elementor-element-107a4dc elementor-widget elementor-widget-text-editor\" data-id=\"107a4dc\" data-element_type=\"widget\" data-widget_type=\"text-editor.default\">\n\t\t\t\t<div class=\"elementor-widget-container\">\n\t\t\t\t\t\t\t<p class=\" translation-block\">Juntamente con nuestros precios competitivos, nuestra experiencia en el mercado internacional y nuestra eficiencia en el cumplimiento \u00edntegro de los pedidos que nuestros clientes nos han realizado, estamos en condiciones de proveer  todo tipo de industrias, entre las que se encuentran resaltamos:\n\nPlantas de Energ\u00eda, Petroqu\u00edmicos y Refiner\u00edas, Siderurgia y Metalurgia, Producci\u00f3n de Pulpa de Papel, Plantas de Cemento, Extracci\u00f3n y Minas, Reciclaje, Tratamiento de Efluentes, Producci\u00f3n de Alimentos y Bebidas, Movimiento de Tierras y Levantamiento de Carga.<\/p>\t\t\t\t\t\t<\/div>\n\t\t\t\t<\/div>\n\t\t\t\t\t<\/div>\n\t\t<\/div>\n\t\t\t\t\t\t\t<\/div>\n\t\t<\/section>\n\t\t\t\t\t\t<\/div>\n\t\t\t\t\t<\/div>","protected":false},"excerpt":{"rendered":"<p>Servi\u00e7os Produtos e Componentes Temos uma vasta gama de produtos e componentes:\u00a0produtos alimentares, material el\u00e9trico, automa\u00e7\u00e3o e instrumenta\u00e7\u00e3o industrial, bombas e acess\u00f3rios, material mec\u00e2nico, tubagens e acess\u00f3rios, v\u00e1lvulas de todos os tipos, equipamentos para tratamento de \u00f3leo e gas\u00f3leo. Atividades Negociais Uma forte reputa\u00e7\u00e3o de confian\u00e7a e compet\u00eancia cooperativa com os nossos parceiros, dispondo de [&hellip;]<\/p>","protected":false},"author":1,"featured_media":0,"parent":0,"menu_order":0,"comment_status":"closed","ping_status":"closed","template":"","meta":{"footnotes":""},"class_list":["post-12","page","type-page","status-publish","hentry"],"_links":{"self":[{"href":"https:\/\/polartrade.pt\/es\/wp-json\/wp\/v2\/pages\/12","targetHints":{"allow":["GET"]}}],"collection":[{"href":"https:\/\/polartrade.pt\/es\/wp-json\/wp\/v2\/pages"}],"about":[{"href":"https:\/\/polartrade.pt\/es\/wp-json\/wp\/v2\/types\/page"}],"author":[{"embeddable":true,"href":"https:\/\/polartrade.pt\/es\/wp-json\/wp\/v2\/users\/1"}],"replies":[{"embeddable":true,"href":"https:\/\/polartrade.pt\/es\/wp-json\/wp\/v2\/comments?post=12"}],"version-history":[{"count":16,"href":"https:\/\/polartrade.pt\/es\/wp-json\/wp\/v2\/pages\/12\/revisions"}],"predecessor-version":[{"id":474,"href":"https:\/\/polartrade.pt\/es\/wp-json\/wp\/v2\/pages\/12\/revisions\/474"}],"wp:attachment":[{"href":"https:\/\/polartrade.pt\/es\/wp-json\/wp\/v2\/media?parent=12"}],"curies":[{"name":"wp","href":"https:\/\/api.w.org\/{rel}","templated":true}]}}