{"id":3,"date":"2021-09-22T13:20:16","date_gmt":"2021-09-22T13:20:16","guid":{"rendered":"https:\/\/polartrade.pt\/?page_id=3"},"modified":"2023-10-26T11:13:05","modified_gmt":"2023-10-26T11:13:05","slug":"politica-privacidade","status":"publish","type":"page","link":"https:\/\/polartrade.pt\/es\/politica-privacidade\/","title":{"rendered":"Pol\u00edtica de Privacidade"},"content":{"rendered":"<h2>Pol\u00edtica de Privacidade &#038; Termos e Condi\u00e7\u00f5es<\/h2>\n<p>\n\n\n<\/p><p><strong>Pol\u00edtica de privacidad \u2013 POLARTRADE<\/strong><strong><br \/><\/strong>La garant\u00eda de confidencialidad y de seguridad de los datos personales de los usuarios\/visitantes de  nuestra p\u00e1gina web es una de las prioridades de POLARTRADE.<br \/>As\u00ed, todas sus informaciones personales recogidas ser\u00e1n utilizadas con la finalidad de tornar su visita a nuestro website lo m\u00e1s productiva posible.<br \/>Todas las informaciones personales relativas a miembros, suscriptores, clientes o visitantes que usen a POLARTRADE ser\u00e1n tratadas en concordancia con a Le\u00ed de Protecci\u00f3n de Datos Personales de 26 de octubre de 1998 (ley n.\u00ba 67\/98).<br \/>El uso de estos datos por POLARTRADE supone la aceptaci\u00f3n de este acuerdo de privacidad.<br \/>El equipo de POLARTRADE se reserva el derecho de alterar este acuerdo\u00a0<strong>sin previo aviso.<\/strong>.<br \/>De esta forma, recomendamos que consulte nuestra pol\u00edtica de privacidad con cierta regularidad \u2013 de forma a que se encuentre siempre actualizado.<\/p><p>\u00a0<\/p><p><strong>Que datos personales son recogidos y como lo hacemos?<\/strong><strong><br \/><\/strong>A continuaci\u00f3n les presentamos la descripci\u00f3n del tipo de datos que recogemos, el tratamiento a que se someten y la utilidad que representan para los servicios que les prestamos.<\/p><p>\u00a0<\/p><p><strong>Dados personales<\/strong><strong><br \/><\/strong>Es posible visitar nuestra p\u00e1gina web sin proveer cualquier informaci\u00f3n de car\u00e1cter personal. Solo procedemos a la recogida de datos personales (como nombre, direcci\u00f3n, tel\u00e9fono, correo electr\u00f3nico e otros datos identificables) Cuando estos nos sean prove\u00eddos por vosotros. Cualquier tratamiento de datos personales solo se efectuar\u00e1 si el titular dio de forma inequ\u00edvoca su consentimiento.<\/p><p>\u00a0<\/p><p><strong>Dados anal\u00edticos<\/strong><strong><br \/><\/strong>Con el acceso a nuestra p\u00e1gina web, se recopila autom\u00e1ticamente un conjunto de datos inform\u00e1ticos, que se registran temporalmente en sus propios archivos, siendo eliminados autom\u00e1ticamente despu\u00e9s de un cierto per\u00edodo de tiempo. La recogida de estos datos es puramente t\u00e9cnica, como la configuraci\u00f3n de la conexi\u00f3n, la seguridad del sistema, la administraci\u00f3n t\u00e9cnica de la red y la optimizaci\u00f3n de nuestra p\u00e1gina web. Los datos a los que nos referimos son los siguientes:<\/p><ol><li>a) Direcci\u00f3n IP del procesador solicitante;<br \/>b) Fecha y hora de acceso;<br \/>c) Volumen de datos transmitidos;<br \/>d) Datos de identificaci\u00f3n del software del navegador y del sistema operativo;<br \/>e) Nombre del proveedor de servicios de Internet.<br \/>f) Sitio web desde el que accedi\u00f3 a nuestra p\u00e1gina web.<\/li><\/ol><p>\u00a0<\/p><p><strong>Consentimiento para la recopilaci\u00f3n y uso de datos personales<\/strong><strong><br \/><\/strong>POLARTRADE solo utilizar\u00e1 estos datos cuando los proporcionen sus titulares, solo para los fines para los que fueron cedidos y siempre con el consentimiento de sus titulares.<\/p><p>\u00a0<\/p><p><strong>\u00bfCon qui\u00e9n se comparten sus datos?<\/strong><strong><br \/><\/strong>POLARTRADE no vender\u00e1, compartir\u00e1 ni distribuir\u00e1 sus datos personales a terceros.<\/p><p>\u00a0<\/p><p><strong>\u00bfC\u00f3mo se protegen sus datos?<\/strong><strong><br \/><\/strong>POLARTRADE prioriza su protecci\u00f3n, por lo que ha invertido en medidas de seguridad t\u00e9cnicas y organizativas para proteger los datos personales recogidos contra la manipulaci\u00f3n, p\u00e9rdida o destrucci\u00f3n involuntaria o intencionada y contra el acceso de personas no autorizadas.<br \/>Nuestras medidas de seguridad se mejoran constantemente para estar al d\u00eda con el progreso tecnol\u00f3gico.<br \/>Declinaremos cualquier responsabilidad cuando dichos actos resulten de conductas delictivas o il\u00edcitas, en cuyo caso la responsabilidad deber\u00e1 ser asignada a los respectivos agentes.<\/p><p>\u00a0<\/p><p><strong>Cookies<\/strong><strong><br \/><\/strong>El uso de\u00a0<em>cookies\u00a0<\/em>nos permite almacenar informaci\u00f3n como sus preferencias personales cuando visita nuestro\u00a0<em>p\u00e1gina web<\/em>Esto podr\u00eda incluir una simple ventana emergente o un enlace a varios servicios que brindamos.<br \/>Existe la posibilidad de<em style=\"font-weight: var( --e-global-typography-text-font-weight );\">\"desactivar la recopilaci\u00f3n de cookies<\/em>\", en las opciones de su navegador, o haciendo cambios en las herramientas de los programas Anti-Virus, como Norton Internet Security. Sin embargo, esto puede cambiar la forma en que interact\u00faa con nuestra\u00a0<em style=\"font-weight: var( --e-global-typography-text-font-weight );\">p\u00e1gina web\u00a0<\/em>y, en consecuencia, comprometer el uso de las diversas funciones.<\/p><p>Por ejemplo, puede afectar o no permitirle descargar archivos, enviar formularios, etc.<\/p><p>\u00a0<\/p><p><strong>Enlaces a sitios web de terceros<\/strong><strong><br \/><\/strong>POLARTRADE tiene enlaces a otros sitios web que pueden contener informaci\u00f3n \/ herramientas \u00fatiles para nuestros visitantes. Nuestra pol\u00edtica de privacidad no se aplica a sitios web de terceros, por lo que si visita otro sitio web de los nuestros, debe leer su pol\u00edtica de privacidad.<br \/>No somos responsables de la pol\u00edtica de privacidad o el contenido presente en esos sitios.<\/p><p>\u00a0<\/p><p><strong>\u00bfCu\u00e1nto tiempo se conservan sus datos?<\/strong><strong><br \/><\/strong>Los datos recabados a trav\u00e9s de esta p\u00e1gina web se conservar\u00e1n durante el per\u00edodo de tiempo en que el usuario se encuentre registrado, y ser\u00e1n eliminados, en t\u00e9rminos legales, cuando el usuario solicite su baja o alta.<\/p><p>\u00a0<\/p><p><strong>\u00bfQu\u00e9 derechos tienes sobre tus datos?<\/strong><strong><br \/><\/strong>POLARTRADE respeta los t\u00e9rminos de la ley, reconociendo plenamente su derecho de acceso y verificaci\u00f3n de los datos que le conciernen, as\u00ed como el derecho a exigir su correcci\u00f3n o supresi\u00f3n.<br \/>El interesado tiene derecho a oponerse, en cualquier momento, a que se procesen sus datos personales, es decir, con fines de marketing directo o cualquier otra forma de prospecci\u00f3n \/ divulgaci\u00f3n.<\/p><p>\u00a0<\/p><p><strong>Procedimientos previstos para una violaci\u00f3n de datos<\/strong><strong><br \/><\/strong>Si cree que POLARTRADE no ha respetado alguno de sus derechos en materia de protecci\u00f3n de datos personales, puede presentar una queja \/ reclamaci\u00f3n ante la autoridad de control y supervisi\u00f3n.<\/p><p>\u00a0<\/p><p>\n\n\n<\/p>\n<h2>RAD<\/h2>\n<p>RAL\u00a0(Resolu\u00e7\u00e3o Alternativa de Lit\u00edgios) \u2013\u00a0Em caso de lit\u00edgio o consumidor pode recorrer a uma Entidade de Resolu\u00e7\u00e3o Alternativa de Lit\u00edgios de consumo: CNIACC \u2013 Centro Nacional de Informa\u00e7\u00e3o e Arbitragem de Conflitos de Consumo * Tel. 253 619 107\u00a0 email:\u00a0<a href=\"mailto:geral@cniacc.pt\">geral@cniacc.pt<\/a><\/p>","protected":false},"excerpt":{"rendered":"<p>Pol\u00edtica de Privacidade &#038; Termos e Condi\u00e7\u00f5es Pol\u00edtica de privacidade \u2013 POLARTRADEA garantia de confidencialidade e seguran\u00e7a dos dados pessoais dos utilizadores\/visitantes do nosso site \u00e9 uma das prioridades da POLARTRADE.Pelo que, todas as suas informa\u00e7\u00f5es pessoais recolhidas, ser\u00e3o usadas com o fim de tornar a sua visita ao nosso website o mais produtiva poss\u00edvel.Todas [&hellip;]<\/p>","protected":false},"author":1,"featured_media":0,"parent":0,"menu_order":0,"comment_status":"closed","ping_status":"open","template":"","meta":{"footnotes":""},"class_list":["post-3","page","type-page","status-publish","hentry"],"_links":{"self":[{"href":"https:\/\/polartrade.pt\/es\/wp-json\/wp\/v2\/pages\/3","targetHints":{"allow":["GET"]}}],"collection":[{"href":"https:\/\/polartrade.pt\/es\/wp-json\/wp\/v2\/pages"}],"about":[{"href":"https:\/\/polartrade.pt\/es\/wp-json\/wp\/v2\/types\/page"}],"author":[{"embeddable":true,"href":"https:\/\/polartrade.pt\/es\/wp-json\/wp\/v2\/users\/1"}],"replies":[{"embeddable":true,"href":"https:\/\/polartrade.pt\/es\/wp-json\/wp\/v2\/comments?post=3"}],"version-history":[{"count":8,"href":"https:\/\/polartrade.pt\/es\/wp-json\/wp\/v2\/pages\/3\/revisions"}],"predecessor-version":[{"id":569,"href":"https:\/\/polartrade.pt\/es\/wp-json\/wp\/v2\/pages\/3\/revisions\/569"}],"wp:attachment":[{"href":"https:\/\/polartrade.pt\/es\/wp-json\/wp\/v2\/media?parent=3"}],"curies":[{"name":"wp","href":"https:\/\/api.w.org\/{rel}","templated":true}]}}